{"id":7321,"date":"2024-06-07T11:28:19","date_gmt":"2024-06-07T11:28:19","guid":{"rendered":"https:\/\/terapieprinastrologie.ro\/?post_type=product&#038;p=7321"},"modified":"2026-02-23T09:44:32","modified_gmt":"2026-02-23T09:44:32","slug":"lumanare-parfumata-medie","status":"publish","type":"product","link":"https:\/\/terapieprinastrologie.ro\/en\/product\/lumanare-parfumata-medie\/","title":{"rendered":"LUM\u00c2NARE PARFUMAT\u0102 MEDIE"},"content":{"rendered":"","protected":false},"excerpt":{"rendered":"<p>Lum\u00e2nare handemade alb\u0103, parfumat\u0103, cu pietre aferente zodiilor \u0219i sclipici colorat.<\/p>\n<p>Timp de ardere aproximativ 8 ore.<\/p>\n<p>Ce con\u021bine &#8211; cear\u0103 de soia, fitil sfoar\u0103, ulei parfumat, recipient din sticl\u0103, cuar\u021b transparent, lavand\u0103 (floare).<\/p>\n<p>Dimesiune 5 x 5 x 5,5 cm.<\/p>\n<p>Nu l\u0103sa\u021bi flac\u0103ra nesupravegheat\u0103! Nu l\u0103sa\u021bi la \u00eendem\u00e2na copiilor \u0219i anim\u0103lu\u021belor! Nu \u021bine\u021bi lum\u00e2narea aprins\u0103 l\u00e2ng\u0103 obiecte inflamabile!<\/p>\n<p>COSTUL TRANSPORTULUI NU ESTE INCLUS \u00ceN PRE\u021aUL PRODUSULUI!<\/p>\n<p>&nbsp;<\/p>","protected":false},"featured_media":7320,"comment_status":"open","ping_status":"closed","template":"","meta":[],"product_cat":[38],"product_tag":[],"class_list":["post-7321","product","type-product","status-publish","has-post-thumbnail","hentry","product_cat-servicii-astrologice"],"_links":{"self":[{"href":"https:\/\/terapieprinastrologie.ro\/en\/wp-json\/wp\/v2\/product\/7321","targetHints":{"allow":["GET"]}}],"collection":[{"href":"https:\/\/terapieprinastrologie.ro\/en\/wp-json\/wp\/v2\/product"}],"about":[{"href":"https:\/\/terapieprinastrologie.ro\/en\/wp-json\/wp\/v2\/types\/product"}],"replies":[{"embeddable":true,"href":"https:\/\/terapieprinastrologie.ro\/en\/wp-json\/wp\/v2\/comments?post=7321"}],"wp:featuredmedia":[{"embeddable":true,"href":"https:\/\/terapieprinastrologie.ro\/en\/wp-json\/wp\/v2\/media\/7320"}],"wp:attachment":[{"href":"https:\/\/terapieprinastrologie.ro\/en\/wp-json\/wp\/v2\/media?parent=7321"}],"wp:term":[{"taxonomy":"product_cat","embeddable":true,"href":"https:\/\/terapieprinastrologie.ro\/en\/wp-json\/wp\/v2\/product_cat?post=7321"},{"taxonomy":"product_tag","embeddable":true,"href":"https:\/\/terapieprinastrologie.ro\/en\/wp-json\/wp\/v2\/product_tag?post=7321"}],"curies":[{"name":"wp","href":"https:\/\/api.w.org\/{rel}","templated":true}]}}