{"id":7308,"date":"2024-05-17T09:00:59","date_gmt":"2024-05-17T09:00:59","guid":{"rendered":"https:\/\/terapieprinastrologie.ro\/?post_type=product&#038;p=7308"},"modified":"2026-03-17T22:21:36","modified_gmt":"2026-03-17T22:21:36","slug":"astrograma-rapida","status":"publish","type":"product","link":"https:\/\/terapieprinastrologie.ro\/en\/product\/astrograma-rapida\/","title":{"rendered":"ASTROGRAM\u0102 RAPID\u0102"},"content":{"rendered":"","protected":false},"excerpt":{"rendered":"<p>ASTROGRAMA &#8211; Prin intermediul astrogramei putem deslu\u0219i \u00eempreun\u0103 care sunt lucrurile din trecut care \u00ee\u021bi afecteaz\u0103 prezentul, ce tr\u0103s\u0103turi este bine s\u0103 men\u021bii \u0219i care sunt aspectele ce pot fi \u00eembun\u0103t\u0103\u021bite pentru a ob\u021bine o calitate superioar\u0103 a existen\u021bei actuale.<\/p>\n<ul>\n<li>1 sesiune scurt\u0103 (15-20 min)<\/li>\n<li>the provision of the service will be made within a period of 30 days from the date of payment<\/li>\n<li>sau analiza astrologic\u0103 AUDIO<\/li>\n<li>se puncteaz\u0103 elementele principale, predispozi\u021biile majore<\/li>\n<\/ul>","protected":false},"featured_media":1560,"comment_status":"open","ping_status":"closed","template":"","meta":[],"product_cat":[38],"product_tag":[314,312,315],"class_list":["post-7308","product","type-product","status-publish","has-post-thumbnail","hentry","product_cat-servicii-astrologice","product_tag-analiza-astrala","product_tag-astrograma","product_tag-tranzite-astrale"],"_links":{"self":[{"href":"https:\/\/terapieprinastrologie.ro\/en\/wp-json\/wp\/v2\/product\/7308","targetHints":{"allow":["GET"]}}],"collection":[{"href":"https:\/\/terapieprinastrologie.ro\/en\/wp-json\/wp\/v2\/product"}],"about":[{"href":"https:\/\/terapieprinastrologie.ro\/en\/wp-json\/wp\/v2\/types\/product"}],"replies":[{"embeddable":true,"href":"https:\/\/terapieprinastrologie.ro\/en\/wp-json\/wp\/v2\/comments?post=7308"}],"wp:featuredmedia":[{"embeddable":true,"href":"https:\/\/terapieprinastrologie.ro\/en\/wp-json\/wp\/v2\/media\/1560"}],"wp:attachment":[{"href":"https:\/\/terapieprinastrologie.ro\/en\/wp-json\/wp\/v2\/media?parent=7308"}],"wp:term":[{"taxonomy":"product_cat","embeddable":true,"href":"https:\/\/terapieprinastrologie.ro\/en\/wp-json\/wp\/v2\/product_cat?post=7308"},{"taxonomy":"product_tag","embeddable":true,"href":"https:\/\/terapieprinastrologie.ro\/en\/wp-json\/wp\/v2\/product_tag?post=7308"}],"curies":[{"name":"wp","href":"https:\/\/api.w.org\/{rel}","templated":true}]}}