{"id":7293,"date":"2024-03-30T09:36:40","date_gmt":"2024-03-30T09:36:40","guid":{"rendered":"https:\/\/terapieprinastrologie.ro\/?post_type=product&#038;p=7293"},"modified":"2024-04-05T10:08:49","modified_gmt":"2024-04-05T10:08:49","slug":"workshop-astrograma-do-it-yourself","status":"publish","type":"product","link":"https:\/\/terapieprinastrologie.ro\/en\/product\/workshop-astrograma-do-it-yourself\/","title":{"rendered":"WORKSHOP ASTROGRAMA &#8211; DO IT YOURSELF"},"content":{"rendered":"<p>\u2b50 \u00ce\u021bi dore\u0219ti s\u0103 explorezi tainele propriului destin \u0219i s\u0103 descoperi secretele h\u0103r\u021bii tale astrologice? E\u0219ti \u00een locul potrivit! Organiz\u0103m a II-a edi\u021bie a acestui eveniment.<\/p>\n<h4 dir=\"auto\"><\/h4>\n<div dir=\"auto\">\u2b50\ufe0f Totul se va int\u00e2mpla \u00eentr-un cadru magic la prietenii no\u0219tri de la <a href=\"https:\/\/www.instagram.com\/jupiter.coffeeshop\/\" target=\"_blank\" rel=\"noopener\"><strong>JUPITER COFFEE SHOP<\/strong><\/a> un loc extrem de potrivit pentru acest workshop astrologic.<\/div>\n<h4 dir=\"auto\"><\/h4>\n<div dir=\"auto\"><\/div>\n<div dir=\"auto\"><img loading=\"lazy\" decoding=\"async\" class=\"an1\" draggable=\"false\" src=\"https:\/\/fonts.gstatic.com\/s\/e\/notoemoji\/15.0\/1fa90\/72.png\" alt=\"\" width=\"22\" height=\"22\" data-emoji=\"\" aria-label=\"\" \/>\u00a0Te invit\u0103m la workshop-ul de autocunoa\u0219tere prin intermediul interpret\u0103rii h\u0103r\u021bii tale natale \u2013 \u2606ASTROGRAMA \u2013 DO IT YOURSELF!\u2606<\/div>\n<h4 dir=\"auto\"><\/h4>\n<div dir=\"auto\"><\/div>\n<div dir=\"auto\"><img loading=\"lazy\" decoding=\"async\" class=\"an1\" draggable=\"false\" src=\"https:\/\/fonts.gstatic.com\/s\/e\/notoemoji\/15.0\/1fa90\/72.png\" alt=\"\" width=\"22\" height=\"22\" data-emoji=\"\" aria-label=\"\" \/> \u00cen cadrul acestui eveniment magic, vei c\u0103l\u0103tori \u00een Universul propriului destin, sub directa mea \u00eendrumare astrolog Ana Fotescu.<\/div>\n<h1 dir=\"auto\"><\/h1>\n<div dir=\"auto\"><\/div>\n<div dir=\"auto\"><img loading=\"lazy\" decoding=\"async\" class=\"an1\" draggable=\"false\" src=\"https:\/\/fonts.gstatic.com\/s\/e\/notoemoji\/15.0\/1f30c\/72.png\" alt=\"\" width=\"23\" height=\"23\" data-emoji=\"\" aria-label=\"\" \/>\u00a0<strong>CE VEI EXPERIMENTA<\/strong>?<\/div>\n<h1 dir=\"auto\"><\/h1>\n<div dir=\"auto\"><\/div>\n<div dir=\"auto\"><img loading=\"lazy\" decoding=\"async\" class=\"an1\" draggable=\"false\" src=\"https:\/\/fonts.gstatic.com\/s\/e\/notoemoji\/15.0\/1f50d\/72.png\" alt=\"\" width=\"23\" height=\"23\" data-emoji=\"\" aria-label=\"\" \/>\u00a0 \u00a0Introducere captivant\u0103 \u00een lumea astrologiei \u0219i informa\u021bii generale esen\u021biale.<\/div>\n<div dir=\"auto\"><\/div>\n<div dir=\"auto\"><img loading=\"lazy\" decoding=\"async\" class=\"an1\" draggable=\"false\" src=\"https:\/\/fonts.gstatic.com\/s\/e\/notoemoji\/15.0\/1f4dd\/72.png\" alt=\"\" width=\"28\" height=\"28\" data-emoji=\"\" aria-label=\"\" \/>\u00a0 Lucru practic: fiecare participant va explora \u0219i interpreta elementele principale din propria astrogram\u0103.<\/div>\n<div dir=\"auto\"><\/div>\n<div dir=\"auto\"><img loading=\"lazy\" decoding=\"async\" class=\"an1\" draggable=\"false\" src=\"https:\/\/fonts.gstatic.com\/s\/e\/notoemoji\/15.0\/1f4ac\/72.png\" alt=\"\" width=\"25\" height=\"25\" data-emoji=\"\" aria-label=\"\" \/>\u00a0\u00a0 Sesiune de \u00eentreb\u0103ri \u0219i r\u0103spunsuri pentru a clarifica orice nel\u0103muriri.<\/div>\n<h1 dir=\"auto\"><\/h1>\n<div dir=\"auto\"><\/div>\n<div dir=\"auto\"><img loading=\"lazy\" decoding=\"async\" class=\"an1\" draggable=\"false\" src=\"https:\/\/fonts.gstatic.com\/s\/e\/notoemoji\/15.0\/1f4af\/72.png\" alt=\"\" width=\"19\" height=\"19\" data-emoji=\"\" aria-label=\"\" \/> \u00ce\u021bi garant\u0103m c\u0103 vei pleca de la acest workshop cu o mai mare \u00een\u021belegere a propriei tale existen\u021be \u0219i a influen\u021belor astrale care te ghideaz\u0103 pe \u00eentreaga durat\u0103 a vie\u021bii tale.<\/div>\n<h1 dir=\"auto\"><\/h1>\n<div dir=\"auto\"><\/div>\n<div dir=\"auto\"><img loading=\"lazy\" decoding=\"async\" class=\"an1\" draggable=\"false\" src=\"https:\/\/fonts.gstatic.com\/s\/e\/notoemoji\/15.0\/1f5d3_fe0f\/72.png\" alt=\"\ufe0f\" width=\"26\" height=\"26\" data-emoji=\"\ufe0f\" aria-label=\"\ufe0f\" \/> Data: <strong>14 APRILIE 2024<\/strong><\/div>\n<div dir=\"auto\"><img loading=\"lazy\" decoding=\"async\" class=\"an1\" draggable=\"false\" src=\"https:\/\/fonts.gstatic.com\/s\/e\/notoemoji\/15.0\/1f55e\/72.png\" alt=\"\" width=\"27\" height=\"27\" data-emoji=\"\" aria-label=\"\" \/> Ora: <strong>15:30 -18:00<\/strong><\/div>\n<div dir=\"auto\"><img loading=\"lazy\" decoding=\"async\" class=\"an1\" draggable=\"false\" src=\"https:\/\/fonts.gstatic.com\/s\/e\/notoemoji\/15.0\/1f4cd\/72.png\" alt=\"\" width=\"21\" height=\"21\" data-emoji=\"\" aria-label=\"\" \/>\u00a0 Loca\u021bie: <a href=\"https:\/\/www.instagram.com\/jupiter.coffeeshop\/\" target=\"_blank\" rel=\"noopener\"><strong>JUPITER COFFEE SHOP<\/strong><\/a>, Strada Gheorghe Br\u0103tianu 8, Bucure\u0219ti 011413<\/div>\n<h1 dir=\"auto\"><\/h1>\n<div dir=\"auto\"><\/div>\n<div dir=\"auto\">\u2705 Rezerv\u0103-\u021bi locul la eveniment prin achizi\u021bionarea biletului. Completeaz\u0103 formularul &#8222;<strong>NOT\u0102 DE COMAND\u0102<\/strong>&#8221; cu numele, data, ora \u0219i locul na\u0219terii.<\/div>\n<h4 dir=\"auto\"><\/h4>\n<div dir=\"auto\"><\/div>\n<div dir=\"auto\"><img loading=\"lazy\" decoding=\"async\" class=\"an1\" draggable=\"false\" src=\"https:\/\/fonts.gstatic.com\/s\/e\/notoemoji\/15.0\/203c_fe0f\/72.png\" alt=\"\u203c\ufe0f\" width=\"20\" height=\"20\" data-emoji=\"\u203c\ufe0f\" aria-label=\"\u203c\ufe0f\" \/> Nu rata aceast\u0103 ocazie unic\u0103 de a te conecta mai profund la destinul t\u0103u \u0219i la predispozi\u021biile care te \u00eenso\u021besc zi de zi!<\/div>","protected":false},"excerpt":{"rendered":"<div dir=\"auto\"><\/div>\n<div dir=\"auto\"><img loading=\"lazy\" decoding=\"async\" class=\"an1\" draggable=\"false\" src=\"https:\/\/fonts.gstatic.com\/s\/e\/notoemoji\/15.0\/1f5d3_fe0f\/72.png\" alt=\"\ufe0f\" width=\"26\" height=\"26\" data-emoji=\"\ufe0f\" aria-label=\"\ufe0f\" \/> Data: <strong>14 APRILIE 2024<\/strong><\/div>\n<div dir=\"auto\"><img loading=\"lazy\" decoding=\"async\" class=\"an1\" draggable=\"false\" src=\"https:\/\/fonts.gstatic.com\/s\/e\/notoemoji\/15.0\/1f55e\/72.png\" alt=\"\" width=\"27\" height=\"27\" data-emoji=\"\" aria-label=\"\" \/> Ora: <strong>15:30 &#8211; 18:00<\/strong><\/div>\n<div dir=\"auto\"><img loading=\"lazy\" decoding=\"async\" class=\"an1\" draggable=\"false\" src=\"https:\/\/fonts.gstatic.com\/s\/e\/notoemoji\/15.0\/1f4cd\/72.png\" alt=\"\" width=\"21\" height=\"21\" data-emoji=\"\" aria-label=\"\" \/>\u00a0 Loca\u021bie: <a href=\"https:\/\/www.instagram.com\/jupiter.coffeeshop\/\"><strong>JUPITER COFFEE SHOP<\/strong><\/a>, Strada Gheorghe Br\u0103tianu 8, Bucure\u0219ti 011413<\/div>\n<div dir=\"auto\"><\/div>\n<h2 dir=\"auto\"><\/h2>\n<div dir=\"auto\"><\/div>\n<div dir=\"auto\">\u2705\u00a0Rezerv\u0103-\u021bi locul la eveniment prin achizi\u021bionarea biletului. Completeaz\u0103 formularul &#8222;<strong>NOT\u0102 DE COMAND\u0102<\/strong>&#8221; cu numele, data, ora \u0219i locul na\u0219terii.<\/div>","protected":false},"featured_media":7294,"comment_status":"open","ping_status":"closed","template":"","meta":[],"product_cat":[38],"product_tag":[312,311,310],"class_list":["post-7293","product","type-product","status-publish","has-post-thumbnail","hentry","product_cat-servicii-astrologice","product_tag-astrograma","product_tag-astroworkshop","product_tag-workshop"],"_links":{"self":[{"href":"https:\/\/terapieprinastrologie.ro\/en\/wp-json\/wp\/v2\/product\/7293","targetHints":{"allow":["GET"]}}],"collection":[{"href":"https:\/\/terapieprinastrologie.ro\/en\/wp-json\/wp\/v2\/product"}],"about":[{"href":"https:\/\/terapieprinastrologie.ro\/en\/wp-json\/wp\/v2\/types\/product"}],"replies":[{"embeddable":true,"href":"https:\/\/terapieprinastrologie.ro\/en\/wp-json\/wp\/v2\/comments?post=7293"}],"wp:featuredmedia":[{"embeddable":true,"href":"https:\/\/terapieprinastrologie.ro\/en\/wp-json\/wp\/v2\/media\/7294"}],"wp:attachment":[{"href":"https:\/\/terapieprinastrologie.ro\/en\/wp-json\/wp\/v2\/media?parent=7293"}],"wp:term":[{"taxonomy":"product_cat","embeddable":true,"href":"https:\/\/terapieprinastrologie.ro\/en\/wp-json\/wp\/v2\/product_cat?post=7293"},{"taxonomy":"product_tag","embeddable":true,"href":"https:\/\/terapieprinastrologie.ro\/en\/wp-json\/wp\/v2\/product_tag?post=7293"}],"curies":[{"name":"wp","href":"https:\/\/api.w.org\/{rel}","templated":true}]}}