{"id":4809,"date":"2020-07-21T19:51:38","date_gmt":"2020-07-21T19:51:38","guid":{"rendered":"https:\/\/terapieprinastrologie.ro\/?post_type=product&#038;p=4809"},"modified":"2024-06-10T10:02:00","modified_gmt":"2024-06-10T10:02:00","slug":"astrograma","status":"publish","type":"product","link":"https:\/\/terapieprinastrologie.ro\/en\/product\/astrograma\/","title":{"rendered":"NATAL CHART"},"content":{"rendered":"<p>ASTROGRAMA &#8211; Prin intermediul astrogramei putem deslu\u0219i \u00eempreun\u0103 care sunt lucrurile din trecut care \u00ee\u021bi afecteaz\u0103 prezentul, ce tr\u0103s\u0103turi este bine s\u0103 men\u021bii \u0219i care sunt aspectele ce pot fi \u00eembun\u0103t\u0103\u021bite pentru a ob\u021bine o calitate superioar\u0103 a existen\u021bei actuale.<\/p>\n<ul>\n<li>1 session (1 hour)<\/li>\n<li>the provision of the service will be made within a period of 30 days from the date of payment<\/li>\n<li>sau analiza astrologic\u0103 AUDIO<\/li>\n<\/ul>","protected":false},"excerpt":{"rendered":"<p>ASTROGRAMA &#8211; Prin intermediul astrogramei putem deslu\u0219i \u00eempreun\u0103 care sunt lucrurile din trecut care \u00ee\u021bi afecteaz\u0103 prezentul, ce tr\u0103s\u0103turi este bine s\u0103 men\u021bii \u0219i care sunt aspectele ce pot fi \u00eembun\u0103t\u0103\u021bite pentru a ob\u021bine o calitate superioar\u0103 a existen\u021bei actuale.<\/p>\n<ul>\n<li>1 session (1 hour)<\/li>\n<li>the provision of the service will be made within a period of 30 days from the date of payment<\/li>\n<li>sau analiza astrologic\u0103 AUDIO<\/li>\n<\/ul>","protected":false},"featured_media":1555,"comment_status":"open","ping_status":"closed","template":"","meta":[],"product_cat":[38],"product_tag":[],"class_list":["post-4809","product","type-product","status-publish","has-post-thumbnail","hentry","product_cat-servicii-astrologice"],"_links":{"self":[{"href":"https:\/\/terapieprinastrologie.ro\/en\/wp-json\/wp\/v2\/product\/4809","targetHints":{"allow":["GET"]}}],"collection":[{"href":"https:\/\/terapieprinastrologie.ro\/en\/wp-json\/wp\/v2\/product"}],"about":[{"href":"https:\/\/terapieprinastrologie.ro\/en\/wp-json\/wp\/v2\/types\/product"}],"replies":[{"embeddable":true,"href":"https:\/\/terapieprinastrologie.ro\/en\/wp-json\/wp\/v2\/comments?post=4809"}],"wp:featuredmedia":[{"embeddable":true,"href":"https:\/\/terapieprinastrologie.ro\/en\/wp-json\/wp\/v2\/media\/1555"}],"wp:attachment":[{"href":"https:\/\/terapieprinastrologie.ro\/en\/wp-json\/wp\/v2\/media?parent=4809"}],"wp:term":[{"taxonomy":"product_cat","embeddable":true,"href":"https:\/\/terapieprinastrologie.ro\/en\/wp-json\/wp\/v2\/product_cat?post=4809"},{"taxonomy":"product_tag","embeddable":true,"href":"https:\/\/terapieprinastrologie.ro\/en\/wp-json\/wp\/v2\/product_tag?post=4809"}],"curies":[{"name":"wp","href":"https:\/\/api.w.org\/{rel}","templated":true}]}}